{"id":92,"date":"2021-11-28T16:21:58","date_gmt":"2021-11-28T15:21:58","guid":{"rendered":"http:\/\/sorensen.cc\/?page_id=92"},"modified":"2026-04-28T09:11:08","modified_gmt":"2026-04-28T08:11:08","slug":"indlaeg","status":"publish","type":"page","link":"http:\/\/www.baadlauget.dk\/index.php\/indlaeg\/","title":{"rendered":"Opslagstavlen"},"content":{"rendered":"\n<p><strong>26. april 2026<\/strong><\/p>\n\n\n\n<p>Arbejdsdagen l\u00f8rdag den 25. april forl\u00f8b fint. Vi startede med kaffe og morgenbr\u00f8d kl. 0800. Fem timer senere var<br><span class=\"has-inline-color has-vivid-green-cyan-color\">&#8211; Sokkel mod P-pladsen repareret.<br>&#8211; Vinduer\/d\u00f8r mod vest efterisoleret og gerigter monteret.<br>&#8211; Luftfilter p\u00e5 loftet udskiftet.<br>&#8211; Skifterammer \u00e6resmedlemmer udskiftet. <br>&#8211; Reng\u00f8ring i krogene og k\u00f8kkenet gennemf\u00f8rt.<\/span><br><span class=\"has-inline-color has-vivid-green-cyan-color\">&#8211; Oprydning p\u00e5 hylder mv. gennemf\u00f8rt.<br>&#8211; Rullegardiner mod vest sat op.<\/span><br><span class=\"has-inline-color has-black-color\">Stor tak til Pia og Niels Winther, Birte og S\u00f8ren, Mikael Winther, kaptajn Erik og Niels<\/span>.<\/p>\n\n\n\n<p>N\u00e6ste arbejdsdag er l\u00f8rdag den 9. maj, hvor vi igen m\u00f8des kl. 0800 til morgenbr\u00f8d og kaffe. Opgaverne er:<br><span class=\"has-inline-color has-vivid-cyan-blue-color\">&#8211; Rel\u00e6 (el) udskiftes.<\/span><br><span class=\"has-inline-color has-vivid-cyan-blue-color\">&#8211; Gerigter mod vest skal males.<br>&#8211; Tag p\u00e5 skur udskiftes.<br>&#8211; D\u00f8r fra k\u00f8kken til skur etableres.<br>&#8211; Skuret skal isoleres.<br>&#8211; Gulvet i klubhuset skal have anden omgang &#8211; den tager S\u00f8ren S\u00f8gaard<br>&#8211; Salutkanonen skal have en foring.<br>&#8211; Pudse vinduer.<br>&#8211; Ordne flagstang.<\/span><br>Skriv dig p\u00e5 tavlen\/listen i klubhuset eller ring til bestyrelsen, s\u00e5 vi nogenlunde ved, hvor mange vi bliver.<\/p>\n\n\n\n<p><strong>12. april 2026<\/strong><\/p>\n\n\n\n<p>Fra formanden:<br>&#8220;S\u00e5 blev s\u00e6sonen 2026 skudt i gang med standerhejsning l\u00f8rdag den 11. april. Kanonen holdt og flaget blev hejst til tops p\u00e5 vores klubhus.&nbsp;&nbsp;Det var en dejlig eftermiddag og aften med en flok glade mennesker og god mad og hygge. Vi fik ros for opslaget p\u00e5 k\u00f8leskabet omkring arbejdsdage; den f\u00f8rste har meldt sig og der kommer nok flere, s\u00e5 det ikke bare er bestyrelsen. S\u00e5 formanden ser frem til et par gode dage, hvor vi sammen f\u00e5r sat flueben ved de opgaver, vi \u00f8nsker lavet.&#8221;<\/p>\n\n\n\n<p><\/p>\n\n\n\n<p><strong>Forsikring \u2013 kollektiv &lt;&gt; lovpligtig<\/strong><\/p>\n\n\n\n<p>Vi har v\u00e6ret i dialog med Topdanmark vedr. vores kollektive ansvarsforsikring og her er resultatet.<\/p>\n\n\n\n<p>Vore ansvarsforsikring d\u00e6kker hele \u00e5ret for b\u00e5de p\u00e5 land og i perioden 1. april til 15. november for b\u00e5de i vandet. <\/p>\n\n\n\n<p>Ligger din b\u00e5d i Frederiksv\u00e6rk Havn kr\u00e6ver havnen, at du har en ansvarsforsikring; den forsikring kan v\u00e6re den kollektive ansvarsforsikring, du kan tegne via B\u00e5delauget \u2013 du kan naturligvis ogs\u00e5 tegne din egen forsikring. B\u00e5de der umiddelbart kan omfattes af vores kollektive forsikring, er fart\u00f8jer under 15 meter, som ikke er planende \u2013 alts\u00e5 <strong>ikke <\/strong>speedb\u00e5de og vandscootere.<\/p>\n\n\n\n<p>Det er kun b\u00e5de der&nbsp;<strong><u>ikke<\/u><\/strong>&nbsp;kr\u00e6ver den lovpligtige ansvarsforsikring, der kan omfattes af den kollektive b\u00e5dansvarsforsikring.<\/p>\n\n\n\n<p>Speedb\u00e5de, b\u00e5de og vandscootere eller lignende, som kr\u00e6ver et speedb\u00e5ds-certifikat og dermed en <strong>lovpligtig<\/strong> ansvarsforsikring, skal have deres egen police\/forsikring.&nbsp;&nbsp;<\/p>\n\n\n\n<p>\u00c5rsagen er, at siden 15. maj 2018 har det v\u00e6ret et krav, at speedb\u00e5de eller vandscootere skal have en lovpligtig ansvarsforsikring og der skal under sejlads, kunne freml\u00e6gges&nbsp;dokumentation over&nbsp;for myndighederne&nbsp;om,&nbsp;at b\u00e5den er ansvarsforsikret og forsikringen opfylder lovens krav.&nbsp;&nbsp;<\/p>\n\n\n\n<p>Dokumentationen skal bl.a. indeholde fart\u00f8jets identifikations nr. (bygge nr.\/skrog nr.) og det skal ogs\u00e5 dokumenteres, at forsikringen er i kraft og betalt.<\/p>\n\n\n\n<p>Det er dit eget ansvar overfor dig selv og havnen at have den korrekte ansvarsforsikring.<\/p>\n\n\n\n<p>Du b\u00f8r l\u00e6se mere p\u00e5 S\u00f8fartsstyrelsens hjemmeside: <a href=\"https:\/\/www.soefartsstyrelsen.dk\/fritidssejlads\/beviser-og-certifikater\/speedbaadsbevis\">https:\/\/www.soefartsstyrelsen.dk\/fritidssejlads\/beviser-og-certifikater\/speedbaadsbevis<\/a>  Nederst p\u00e5 siden finder du en hurtig og nem beregner, som kan fort\u00e6lle, om dit fart\u00f8j kr\u00e6ver speedb\u00e5ds-certifikat.<\/p>\n\n\n\n<p><\/p>\n\n\n\n<p><\/p>\n\n\n\n<ul><li><\/li><\/ul>\n\n\n\n<p><\/p>\n\n\n\n<p><\/p>\n\n\n\n<p><\/p>\n\n\n\n<div class=\"wp-block-file\"><a href=\"http:\/\/www.baadlauget.dk\/wp-content\/uploads\/2023\/12\/Orientering-fra-bestyrelsen-2023.docx\" class=\"wp-block-file__button\" download>Download<\/a><\/div>\n\n\n\n<div class=\"wp-block-file\"><a href=\"http:\/\/www.baadlauget.dk\/wp-content\/uploads\/2023\/12\/Orientering-fra-bestyrelsen-2023-1.docx\" class=\"wp-block-file__button\" download>Download<\/a><\/div>\n\n\n\n<div class=\"wp-block-file\"><a href=\"http:\/\/www.baadlauget.dk\/wp-content\/uploads\/2023\/12\/Orientering-fra-bestyrelsen-2023-2.docx\" class=\"wp-block-file__button\" download>Download<\/a><\/div>\n\n\n\n<p><\/p>\n","protected":false},"excerpt":{"rendered":"<p>26. april 2026 Arbejdsdagen l\u00f8rdag den 25. april forl\u00f8b fint. Vi startede [&hellip;]<\/p>\n","protected":false},"author":1,"featured_media":0,"parent":0,"menu_order":0,"comment_status":"open","ping_status":"closed","template":"","meta":[],"_links":{"self":[{"href":"http:\/\/www.baadlauget.dk\/index.php\/wp-json\/wp\/v2\/pages\/92"}],"collection":[{"href":"http:\/\/www.baadlauget.dk\/index.php\/wp-json\/wp\/v2\/pages"}],"about":[{"href":"http:\/\/www.baadlauget.dk\/index.php\/wp-json\/wp\/v2\/types\/page"}],"author":[{"embeddable":true,"href":"http:\/\/www.baadlauget.dk\/index.php\/wp-json\/wp\/v2\/users\/1"}],"replies":[{"embeddable":true,"href":"http:\/\/www.baadlauget.dk\/index.php\/wp-json\/wp\/v2\/comments?post=92"}],"version-history":[{"count":47,"href":"http:\/\/www.baadlauget.dk\/index.php\/wp-json\/wp\/v2\/pages\/92\/revisions"}],"predecessor-version":[{"id":443,"href":"http:\/\/www.baadlauget.dk\/index.php\/wp-json\/wp\/v2\/pages\/92\/revisions\/443"}],"wp:attachment":[{"href":"http:\/\/www.baadlauget.dk\/index.php\/wp-json\/wp\/v2\/media?parent=92"}],"curies":[{"name":"wp","href":"https:\/\/api.w.org\/{rel}","templated":true}]}}