{"id":89,"date":"2021-11-28T16:14:02","date_gmt":"2021-11-28T16:14:02","guid":{"rendered":"http:\/\/sorensen.cc\/?page_id=89"},"modified":"2022-12-11T14:10:15","modified_gmt":"2022-12-11T13:10:15","slug":"aktiviteter-2022","status":"publish","type":"page","link":"http:\/\/www.baadlauget.dk\/index.php\/aktivitetskalender\/aktiviteter-2022\/","title":{"rendered":"Aktiviteter 2022"},"content":{"rendered":"\n<p><strong>Frederiksv\u00e6rk B\u00e5delaug<\/strong><\/p>\n\n\n\n<p>9. december 2021<\/p>\n\n\n\n<p>K\u00e6re medlemmer.<\/p>\n\n\n\n<p>Med \u00f8nsket om en <strong>gl\u00e6delig jul og et godt nyt\u00e5r<\/strong>, fremsendes hermed aktivitetskalender for 2022\uf04a<\/p>\n\n\n\n<p><strong>AKTIVITETSKALENDER FOR 2022<\/strong><\/p>\n\n\n\n<figure class=\"wp-block-table\"><table><tbody><tr><td><strong>Hvad<\/strong><\/td><td><strong>Hvorn\u00e5r<\/strong><\/td><td><strong>Tilmeldingsfrist<\/strong><\/td><td><strong>Pris pr. hoved<\/strong><\/td><td><strong>Bem\u00e6rkninger<\/strong><\/td><\/tr><tr><td>Generalforsamling i B\u00e5delauget<\/td><td>S\u00d8N 06 FEB kl. 1000<\/td><td>Til sild og ost S\u00d8N 30 JAN<\/td><td>Gratis<\/td><td>Evt. forslag senest s\u00f8ndag 23 JAN<\/td><\/tr><tr><td>Kontingentindbetaling I klubhuset<\/td><td>S\u00d8N 06 MAR kl. 1000-1300<\/td><td>Bare m\u00f8d op<\/td><td>Jf. takstblad<\/td><td><br><\/td><\/tr><tr><td>Kontingentindbetaling i klubhuset<\/td><td>S\u00d8N 13 MAR Kl. 1000-1300<\/td><td>Bare m\u00f8d op<\/td><td>Jf. takstblad<\/td><td><br><\/td><\/tr><tr><td>Standerhejsning<\/td><td>L\u00d8R 03 APR kl. 1700<\/td><td>S\u00d8N 20 MAR<\/td><td>Kr. 75 for medlem Kr. 100 ikke medlem<\/td><td><br><\/td><\/tr><tr><td>Pinsetur<\/td><td>L\u00d8R 04 \u2013 MAN 06 JUN<\/td><td>S\u00d8N 29 MAJ<br><\/td><td>Det det koster<\/td><td>Hvem har lyst til at tage opgaven?<\/td><\/tr><tr><td>Sct. Hans aften<\/td><td>TOR 23 JUN<\/td><td>S\u00d8N 19 JUN \u2013 giv lige et praj om ca. antal<\/td><td>Du har selv mad med, d\u00e6kker selv bord, rydder selv op.<\/td><td>Grill t\u00e6ndes ca. kl. 1700 af de der m\u00f8der f\u00f8rst.<\/td><\/tr><tr><td>Herretur<\/td><td>L\u00d8R 03 SEP<\/td><td>Skipperm\u00f8de p\u00e5 dagen kl. 0800<\/td><td>Du er selv-forsynende.<\/td><td><br><\/td><\/tr><tr><td>Standerhaling<\/td><td>L\u00d8R 05 NOV kl. 1700<\/td><td>S\u00d8N 23 OKT<\/td><td>Kr. 75 for medlem Kr. 100 ikke medlem<\/td><td><br><\/td><\/tr><tr><td>Bestyrelsesm\u00f8der, f\u00f8rste TIR i n\u00e6vnte m\u00e5neder kl. 1800<\/td><td>JAN, FEB, MAR, APR, MAJ og SEP, OKT, NOV, DEC<\/td><td>F\u00f8rste halve time er \u00e5ben for medlemmerne<\/td><td><br><\/td><td><br><\/td><\/tr><\/tbody><\/table><\/figure>\n\n\n\n<p>Om tilmeldingsfrister:<\/p>\n\n\n\n<ul><li>Tilmelding foretages p\u00e5 liste fremlagt i klubhuset eller ved henvendelse til bestyrelsen.<\/li><li>Tilmelding er bindende efter fristens udl\u00f8b.<\/li><\/ul>\n\n\n\n<p>Opdatering og meddelelser:<\/p>\n\n\n\n<ul><li>F\u00f8lg l\u00f8bende med p\u00e5 B\u00e5delauget\u2019s hjemmeside: <a href=\"http:\/\/www.baadlauget.dk\/\">www.baadlauget.dk<\/a> -vi arbejder med hjemmesiden<\/li><li>Se opslagstavlen i Klubhuset.<\/li><li>RET TIL \u00c6NDRINGER FORBEHOLDES<\/li><\/ul>\n\n\n\n<p><strong>OG ALT ER UNDER FORBEHOLD FOR AT CORONAENS SKYGGE GIVER OS MULIGHEDERNE<\/strong><\/p>\n","protected":false},"excerpt":{"rendered":"<p>Frederiksv\u00e6rk B\u00e5delaug 9. december 2021 K\u00e6re medlemmer. Med \u00f8nsket om en gl\u00e6delig [&hellip;]<\/p>\n","protected":false},"author":1,"featured_media":0,"parent":67,"menu_order":18,"comment_status":"closed","ping_status":"closed","template":"","meta":[],"_links":{"self":[{"href":"http:\/\/www.baadlauget.dk\/index.php\/wp-json\/wp\/v2\/pages\/89"}],"collection":[{"href":"http:\/\/www.baadlauget.dk\/index.php\/wp-json\/wp\/v2\/pages"}],"about":[{"href":"http:\/\/www.baadlauget.dk\/index.php\/wp-json\/wp\/v2\/types\/page"}],"author":[{"embeddable":true,"href":"http:\/\/www.baadlauget.dk\/index.php\/wp-json\/wp\/v2\/users\/1"}],"replies":[{"embeddable":true,"href":"http:\/\/www.baadlauget.dk\/index.php\/wp-json\/wp\/v2\/comments?post=89"}],"version-history":[{"count":1,"href":"http:\/\/www.baadlauget.dk\/index.php\/wp-json\/wp\/v2\/pages\/89\/revisions"}],"predecessor-version":[{"id":90,"href":"http:\/\/www.baadlauget.dk\/index.php\/wp-json\/wp\/v2\/pages\/89\/revisions\/90"}],"up":[{"embeddable":true,"href":"http:\/\/www.baadlauget.dk\/index.php\/wp-json\/wp\/v2\/pages\/67"}],"wp:attachment":[{"href":"http:\/\/www.baadlauget.dk\/index.php\/wp-json\/wp\/v2\/media?parent=89"}],"curies":[{"name":"wp","href":"https:\/\/api.w.org\/{rel}","templated":true}]}}