{"id":385,"date":"2026-01-10T15:41:40","date_gmt":"2026-01-10T14:41:40","guid":{"rendered":"http:\/\/www.baadlauget.dk\/?page_id=385"},"modified":"2026-03-07T14:22:52","modified_gmt":"2026-03-07T13:22:52","slug":"referat-fra-gf-februar-2026","status":"publish","type":"page","link":"http:\/\/www.baadlauget.dk\/index.php\/dokumenter\/referat-fra-gf-februar-2026\/","title":{"rendered":"Referat fra GF februar 2026"},"content":{"rendered":"\n<p><strong>Frederiksv\u00e6rk B\u00e5delaug<\/strong><\/p>\n\n\n\n<p>Tirsdag den 3. marts 2026<\/p>\n\n\n\n<p><strong><u>Summarisk referat fra B\u00e5delaugets Generalforsamling s\u00f8ndag den 15. februar 2026<\/u><\/strong><\/p>\n\n\n\n<p>Formand S\u00f8ren Nielsen kunne byde velkommen til 24 fremm\u00f8dte og udtrykte \u00f8nsket om en god generalforsamling.<\/p>\n\n\n\n<p><strong>F\u00f8rste punkt p\u00e5 dagsordenen var valg af dirigent<\/strong> og formanden foreslog Ernst Lyngb\u00e6k, som blev valgt.<br>Dirigenten kunne konstatere, at generalforsamlingen var lovlig indvarslet og beslutningsdygtig.<\/p>\n\n\n\n<p>Herefter fik formanden ordet for <strong>beretningen for 2025.<\/strong><\/p>\n\n\n\n<p><strong>\u201d<\/strong>Ja, s\u00e5 gik endnu et \u00e5r med b\u00e5de med- og modvind.<br>Der skal lyde en tak til bestyrelsen for deres arbejde for klubben og vores klubhus, som jo er blevet forbedret nogle steder med nye vinduer og en flot d\u00f8r; herretoilettet er blevet malet og har f\u00e5et nyt gulv. Vi er desv\u00e6rre ikke n\u00e5et helt i m\u00e5l omkring alt det, vi ville lave p\u00e5 vores hus, vi ville gerne et rygerum, men mon ikke vi f\u00e5r det i \u00e5r. Vi har sat 20.000 kr. af til at f\u00e5 lavet skuret i stand p\u00e5 dette \u00e5rs budget med frivilligt arbejde, s\u00e5 alle er s\u00e5 velkommen til at deltage, s\u00e5 det ikke er de samme heste, der tr\u00e6kker l\u00e6sset.<br>Nixon skal ogs\u00e5 roses for at male vores r\u00e6kv\u00e6rk p\u00e5 terrassen, og s\u00e5 m\u00e5 vi ikke glemme Peter som altid holder \u00f8je med vores klubhus.<br>Kasper skal ogs\u00e5 roses for, at der altid er kolde \u00f8l, desv\u00e6rre &#8211; ikke altid Carlsberg; han holder vores hus p\u00e6nt og rent. \u00d8lkassen har v\u00e6ret sponsor for, at gulvet har f\u00e5et overhaling af S\u00f8ren, som ikke var\/er helt tilfreds med farven, s\u00e5 huset vil v\u00e6re lukket, n\u00e5r han finder dagen og laver det om, s\u00e5 han bliver tilfreds med farven.<br>\u00c5ret 2025 var s\u00e5 \u00e5ret, hvor vi fik tv i klubhuset &#8211; noget vi m\u00e5ske skulle have haft for mange \u00e5r siden. Det var en gave fra Jan og s\u00e5 deler vi et boxerkort med Arne &#8211; de skal selvf\u00f8lgelig ogs\u00e5 have en tak. Og det er igen Kasper\/\u00f8lkassen, som betaler for det, til gl\u00e6de for alle som \u00f8nsker at se tv.<br>Vores kasserer Niels skal have en k\u00e6mpe ros for det store arbejde, han har lavet omkring betaling af kontingent, n\u00e6sten alle f\u00e5r den nu p\u00e5 mail, s\u00e5 vi har sparet penge p\u00e5 ikke at skulle betale porto, som vi f\u00f8r har gjort. Og de som ikke betalte til tiden har han jaget; alle har betalt for at v\u00e6re medlem af B\u00e5delauget, det er sku godt g\u00e5et.<br>Desv\u00e6rre var det ogs\u00e5 \u00e5ret, hvor der ikke var den store tilslutning til standerhejsning og -haling, s\u00e5 \u00f8lkassen har betalt for det.<br>Var s\u00e5 ogs\u00e5 \u00e5ret, hvor der ikke var den store tilslutning til alle de andre arrangementer vi plejer at have i vores klub. Men skal vi ikke h\u00e5be p\u00e5, at \u00e5ret 2026 vil blive det \u00e5r, hvor det vender tilbage igen.<br>Var ogs\u00e5 \u00e5ret hvor Kram ville vise flaget omkring livet i havnen, de fik kastet en masse bolde op og bad om frivillig hj\u00e6lp fra klubberne. Jeg valgte p\u00e5 vores vegne, at vi som klub ikke ville deltage, da frivilligt arbejde jo ikke lige er det, som vi pt er skide gode til.<br>Dog vil jeg s\u00e5 lige rose Ro- og kajakklubben og Motorb\u00e5dsklubben for et godt Lucia optog i havnen sidste \u00e5r, det var en oplevelse, som man kun kan h\u00e5be p\u00e5 kommer igen.<br>Vi er ogs\u00e5 blevet inviteret til Red Isefjorden, som \u00f8nsker en levende og sund fjord. Man vil ved for\u00e5rsj\u00e6vnd\u00f8gn den 20. marts t\u00e6nde b\u00e5l i havne gennem hele fjorden. Dette er med det form\u00e5l, at vi i Frederiksv\u00e6rk st\u00f8tter op om en sund fjord. Motorb\u00e5dsklubben og Ro- og kajakklubben har gang i noget, omkring at f\u00e5 det op og st\u00e5, men hvor man er pt vides ikke. Fik i sidste uge en henvendelse fra dem, om vi vil deltage i det med noget frivilligt arbejde. Planen er, at det skal foreg\u00e5 p\u00e5 Slaggemolen med b\u00e5l og m\u00e5ske salg af \u00f8l og grillp\u00f8lser, men intet ligger fast pt. H\u00e5ber vi kan tage den under evt. Personligt mener jeg, det er havnen som b\u00f8r st\u00e5 bag dette, og jeg har ogs\u00e5 henvendt mig til dem, men desv\u00e6rre fik jeg intet svar tilbage. S\u00e5 er det godt andre har taget initiativ til det, og h\u00e5ber vi ogs\u00e5 vil bakke op om det.<\/p>\n\n\n\n<p>Vi er en sund lille klub med 120 medlemmer, med en god \u00f8konomi og derfor skal priserne ikke h\u00e6ves i \u00e5r, men v\u00e6lger vi at have fremmede til at lave arbejdet p\u00e5 klubhuset, kan det v\u00e6re den skal h\u00e6ves, men det er jo noget, vi sammen skal beslutte senere.<br>Som vi ogs\u00e5 skal tale om, er Glenn\u00b4s forslag om brugerbetaling fra ikke-medlemmer af B\u00e5delauget.<br>Niels vil forklare alt omkring vores \u00f8konomi.<br>Omkring AMBA er der jo sket flere tiltag i \u00e5r, nogle er godt modtaget og andre ikke s\u00e5 godt. Motorb\u00e5ds klubben vil l\u00e6gge op til en masse \u00e6ndringsforslag p\u00e5 generalforsamlingen, s\u00e5 \u00f8nsker man at give sin mening til kende, b\u00f8r man m\u00f8de op. Og \u00f8nsker vi i B\u00e5delauget ogs\u00e5 at v\u00e6re 2 i AMBA bestyrelse, skal vi have mange, der m\u00f8der op eller giver en fuldmagt.<\/p>\n\n\n\n<p>Og hvad er s\u00e5 vores <strong>vision for \u00e5ret 2026<\/strong> i B\u00e5delauget.<br>Det m\u00e5 da v\u00e6re, at der er liv i klubhuset, og vi st\u00e5r sammen om at passe p\u00e5 det. At der bliver spillet fredags billard, og nogle byder ind med andre arrangementer, som er til gl\u00e6de for alle.<br>Og igen er b\u00f8nnen til vi ikke skal betale os fra fremmed hj\u00e6lp, men folk vil give en h\u00e5nd med til arbejdet omkring, hvad der skal laves ved klubhuset.<br>S\u00e5 er man medlem eller ej, er man velkommen, s\u00e5vel som man er velkommen til at deltage i arbejdet i vedligehold af huset.<br>Bestyrelsen har besluttet at vi ikke skal have passive medlemmer.\u201d<br>Formanden overrakte et fornemt diplom til \u00e6resmedlem Niels Gregart, som Birte havde lavet; Niels takkede ydmygt.<\/p>\n\n\n\n<p>Dirigenten spurgte, om der var bem\u00e6rkninger til formandens beretning, hvilket der ikke var og beretningen blev godkendt med akklamation.<\/p>\n\n\n\n<p><strong>Regnskabet<br><\/strong>Kasserer Niels Gregart omdelte og fremlagde det reviderede regnskab, hvilket ikke aff\u00f8dte hverken kritiske sp\u00f8rgsm\u00e5l eller bem\u00e6rkninger, hvorefter regnskabet blev godkendt med akklamation.<\/p>\n\n\n\n<p><strong>Indkomne forslag.<br><\/strong>Der var indkommet et forslag fra Glenn Kristensen om betaling af g\u00e6stekontingent for ikke-medlemmer. Glenn redegjorde for sit forslag og der var en efterf\u00f8lgende debat om plus\/minus ved s\u00e5dan en ordning.<br>Forslaget blev sat under afstemning g\u00e5ende p\u00e5, at g\u00e6ster &#8211; i et af bestyrelsen defineret omfang &#8211; skal betale en g\u00e6steafgift ved inviterede bes\u00f8g. 11 stemte for, 6 stemte imod og 7 stemte hverken for eller imod \u2013 dermed var forslaget vedtaget.&nbsp; Bestyrelsen blev p\u00e5lagt at udarbejde de n\u00e6rmere retningslinier.<\/p>\n\n\n\n<p><strong>Fasts\u00e6ttelse af takstblad.<br><\/strong>Bestyrelsen havde foresl\u00e5et u\u00e6ndret takstblad med kr. 100 i indmeldelsesgebyr, kr. 500 i \u00e5rligt kontingent, kr. 300 for kollektiv ansvarsforsikring og kr. 100 i rykkergebyr, hvilket blev godkendt af generalforsamlingen.<\/p>\n\n\n\n<p><strong>Valg til bestyrelsen.<br><\/strong>S\u00f8ren Nielsen og Kasper S\u00f8rensen var begge p\u00e5 valg \u2013 begge blev valgt med akklamation. Dirigenten spurgte, om der var nogen, der \u00f8nskede at stille op til den ledige bestyrelsespost \u2013 det var ikke tilf\u00e6ldet. I stedet satte dirigenten sit mandat til r\u00e5dighed \u2013 og Ernst Lyngb\u00e6k blev valgt med akklamation.<\/p>\n\n\n\n<p><strong>Valg af suppleanter.<br><\/strong>Pia Winther og Jytte S\u00f8gaard var p\u00e5 valg; begge blev valgt med akklamation.<\/p>\n\n\n\n<p><strong>Valg af revisorer.<br><\/strong>Helle Harder og Sanne Gregart var begge p\u00e5 valg, men genopstillede \u2013 de blev begge valgt med akklamation.<\/p>\n\n\n\n<p><strong>Eventuelt.<br><\/strong>S\u00f8ren Nielsen var bragt i forslag som B\u00e5delaugets emne til Frederiksv\u00e6rk Havn A.m.b.a. bestyrelse, hvilket generalforsamlingen bakkede op om. Der blev kraftigt opfordret til at deltage <a>i A.m.b.a. generalforsamling <\/a>s\u00f8ndag den 15. marts og som minimum at afgive fuldmagt til at stemme p\u00e5 A.m.b.a. generalforsamling.<\/p>\n\n\n\n<p>Omkring frivilligt arbejde appellerede Lars Arnesen til en mere direkte kommunikation p\u00e5 hjemmesiden, direkte mails, pin-pointe medlemmer med specifikke kompetencer, brug af jungletrommen \u2013 alt sammen fordi vi jo godt kan selv og dermed ikke beh\u00f8ver at bruge penge p\u00e5 dyr arbejdskraft udefra.<\/p>\n\n\n\n<p>Hermed var dagsordenen udt\u00f8mt og dirigenten leverede generalforsamlingen tilbage til formanden, som takkede dirigenten og forsamlingen.<\/p>\n\n\n\n<p>__________Sign.___________________&nbsp;&nbsp;&nbsp;&nbsp;&nbsp;&nbsp;&nbsp;&nbsp;&nbsp;&nbsp;&nbsp;&nbsp;&nbsp;&nbsp;&nbsp;&nbsp;&nbsp;&nbsp;&nbsp; ____________Sign.________________________<\/p>\n\n\n\n<p>Niels Gregart&nbsp;&nbsp;&nbsp;&nbsp;&nbsp;&nbsp;&nbsp;&nbsp;&nbsp;&nbsp;&nbsp;&nbsp;&nbsp;&nbsp;&nbsp;&nbsp;&nbsp;&nbsp;&nbsp;&nbsp;&nbsp;&nbsp;&nbsp;&nbsp;&nbsp;&nbsp;&nbsp;&nbsp;&nbsp;&nbsp;&nbsp;&nbsp;&nbsp;&nbsp;&nbsp;&nbsp;&nbsp;&nbsp;&nbsp;&nbsp;&nbsp;&nbsp;&nbsp;&nbsp;&nbsp;&nbsp;&nbsp;&nbsp;&nbsp;&nbsp;&nbsp;&nbsp;&nbsp;&nbsp;&nbsp;&nbsp;&nbsp;&nbsp;&nbsp;&nbsp;&nbsp;&nbsp; Ernst Lyngb\u00e6k<br>Referent&nbsp;&nbsp;&nbsp;&nbsp;&nbsp;&nbsp;&nbsp;&nbsp;&nbsp;&nbsp;&nbsp;&nbsp;&nbsp;&nbsp;&nbsp;&nbsp;&nbsp;&nbsp;&nbsp;&nbsp;&nbsp;&nbsp;&nbsp;&nbsp;&nbsp;&nbsp;&nbsp;&nbsp;&nbsp;&nbsp;&nbsp;&nbsp;&nbsp;&nbsp;&nbsp;&nbsp;&nbsp;&nbsp;&nbsp;&nbsp;&nbsp;&nbsp;&nbsp;&nbsp;&nbsp;&nbsp;&nbsp;&nbsp;&nbsp;&nbsp;&nbsp;&nbsp;&nbsp;&nbsp;&nbsp;&nbsp;&nbsp;&nbsp;&nbsp;&nbsp;&nbsp;&nbsp;&nbsp;&nbsp;&nbsp;&nbsp;&nbsp;&nbsp;&nbsp; Dirigent&nbsp;&nbsp;&nbsp;&nbsp;&nbsp;&nbsp;&nbsp;&nbsp;&nbsp;&nbsp;&nbsp;&nbsp;&nbsp;&nbsp;&nbsp;&nbsp;&nbsp;&nbsp;&nbsp;&nbsp;&nbsp;&nbsp;&nbsp;&nbsp;&nbsp;&nbsp;&nbsp;&nbsp;&nbsp;&nbsp;&nbsp;&nbsp;&nbsp;&nbsp; &nbsp;&nbsp;&nbsp;&nbsp;&nbsp;&nbsp;&nbsp;&nbsp;&nbsp;&nbsp;&nbsp;&nbsp;&nbsp;&nbsp;&nbsp;&nbsp;&nbsp;&nbsp;&nbsp;&nbsp;&nbsp;&nbsp;&nbsp;&nbsp;&nbsp;&nbsp;&nbsp;&nbsp;&nbsp;&nbsp;&nbsp;&nbsp;&nbsp;&nbsp;&nbsp;&nbsp;&nbsp;&nbsp;&nbsp;&nbsp;&nbsp;&nbsp;&nbsp;&nbsp;&nbsp;&nbsp;&nbsp;&nbsp;&nbsp;&nbsp;&nbsp;&nbsp;&nbsp;&nbsp;&nbsp;&nbsp;&nbsp;&nbsp;&nbsp;&nbsp;&nbsp;&nbsp;&nbsp;&nbsp;&nbsp;&nbsp;&nbsp;&nbsp;&nbsp;&nbsp;&nbsp;&nbsp;&nbsp;&nbsp;&nbsp;&nbsp;&nbsp;&nbsp;&nbsp;&nbsp;&nbsp;&nbsp;&nbsp;&nbsp;&nbsp;&nbsp;&nbsp;&nbsp;&nbsp;&nbsp;&nbsp;&nbsp;&nbsp;&nbsp;&nbsp;&nbsp;&nbsp;&nbsp;&nbsp;&nbsp;&nbsp;&nbsp;&nbsp;&nbsp;&nbsp;&nbsp;&nbsp;<\/p>\n\n\n\n<p>Herefter var der naturligvis sild, ost, \u00f8l, vand, br\u00e6ndevin \u2013 ogs\u00e5 til dem der ikke lige havde n\u00e5et at skrive sig p\u00e5 listen &#8211; og nogle hyggelige timer i dit klubhus, som vi plejer.<\/p>\n\n\n\n<p>HUSK kontingentindbetaling i klubhuset:<\/p>\n\n\n\n<ul><li>S\u00f8ndag den 8. marts, kl. 1000-1300<\/li><li>L\u00f8rdag den 14. marts, kl. 1000-1300<br><br><\/li><\/ul>\n\n\n\n<p><\/p>\n","protected":false},"excerpt":{"rendered":"<p>Frederiksv\u00e6rk B\u00e5delaug Tirsdag den 3. marts 2026 Summarisk referat fra B\u00e5delaugets Generalforsamling [&hellip;]<\/p>\n","protected":false},"author":1,"featured_media":0,"parent":60,"menu_order":-8,"comment_status":"closed","ping_status":"closed","template":"","meta":[],"_links":{"self":[{"href":"http:\/\/www.baadlauget.dk\/index.php\/wp-json\/wp\/v2\/pages\/385"}],"collection":[{"href":"http:\/\/www.baadlauget.dk\/index.php\/wp-json\/wp\/v2\/pages"}],"about":[{"href":"http:\/\/www.baadlauget.dk\/index.php\/wp-json\/wp\/v2\/types\/page"}],"author":[{"embeddable":true,"href":"http:\/\/www.baadlauget.dk\/index.php\/wp-json\/wp\/v2\/users\/1"}],"replies":[{"embeddable":true,"href":"http:\/\/www.baadlauget.dk\/index.php\/wp-json\/wp\/v2\/comments?post=385"}],"version-history":[{"count":4,"href":"http:\/\/www.baadlauget.dk\/index.php\/wp-json\/wp\/v2\/pages\/385\/revisions"}],"predecessor-version":[{"id":421,"href":"http:\/\/www.baadlauget.dk\/index.php\/wp-json\/wp\/v2\/pages\/385\/revisions\/421"}],"up":[{"embeddable":true,"href":"http:\/\/www.baadlauget.dk\/index.php\/wp-json\/wp\/v2\/pages\/60"}],"wp:attachment":[{"href":"http:\/\/www.baadlauget.dk\/index.php\/wp-json\/wp\/v2\/media?parent=385"}],"curies":[{"name":"wp","href":"https:\/\/api.w.org\/{rel}","templated":true}]}}