{"id":376,"date":"2026-01-10T15:26:58","date_gmt":"2026-01-10T14:26:58","guid":{"rendered":"http:\/\/www.baadlauget.dk\/?page_id=376"},"modified":"2026-04-12T12:59:45","modified_gmt":"2026-04-12T11:59:45","slug":"aktiviteter-2026","status":"publish","type":"page","link":"http:\/\/www.baadlauget.dk\/index.php\/aktivitetskalender\/aktiviteter-2026\/","title":{"rendered":"Aktiviteter 2026"},"content":{"rendered":"\n<p><strong>Frederiksv\u00e6rk B\u00e5delaug&nbsp;&nbsp;&nbsp;&nbsp;&nbsp;<\/strong><\/p>\n\n\n\n<p class=\"has-text-align-right\">21. december 2025<\/p>\n\n\n\n<p class=\"has-text-align-right\"><em><strong><span class=\"has-inline-color has-vivid-red-color\">\u00c6ndringer af 6. marts og <\/span><span class=\"has-inline-color has-vivid-purple-color\">12. april<\/span><span class=\"has-inline-color has-vivid-red-color\"> 2026<\/span><\/strong><\/em><\/p>\n\n\n\n<p><\/p>\n\n\n\n<p>K\u00e6re medlemmer<\/p>\n\n\n\n<p>Med \u00f8nsket om en <strong>gl\u00e6delig jul og et godt nyt\u00e5r<\/strong> fremsendes hermed aktivitetskalender for 2026.<\/p>\n\n\n\n<p><strong><u>AKTIVITETSKALENDER FOR 2026<\/u><\/strong><\/p>\n\n\n\n<figure class=\"wp-block-table\"><table><tbody><tr><td><strong>Hvad<\/strong><\/td><td><strong>Hvorn\u00e5r<\/strong><\/td><td><strong>Tilmeldingsfrist<\/strong><\/td><td><strong>Pris pr. hoved<\/strong><\/td><td><strong>Bem\u00e6rkninger<\/strong><\/td><\/tr><tr><td>Generalforsamling i B\u00e5delauget<\/td><td>S\u00d8N 15 FEB&nbsp;&nbsp; kl. 1000<\/td><td>Til sild og ost <br>S\u00d8N 08 FEB<\/td><td>Gratis<\/td><td>Forslag senest S\u00d8N 01 FEB<\/td><\/tr><tr><td>Kontingentindbetaling i klubhuset<\/td><td>S\u00d8N 08 MAR kl. 1000-1300<\/td><td>Bare m\u00f8d op<\/td><td>Jf. takstblad<\/td><td>&nbsp;<\/td><\/tr><tr><td>Kontingentindbetaling i klubhuset<\/td><td>L\u00d8R 14 MAR kl. 1000-1300<\/td><td>Bare m\u00f8d op<\/td><td>Jf. takstblad<\/td><td>Bem\u00e6rk dato<\/td><\/tr><tr><td><strong><em><span class=\"has-inline-color has-vivid-red-color\">Standerhejsning<\/span><\/em><\/strong><\/td><td><em><strong><span class=\"has-inline-color has-vivid-red-color\">L\u00d8R 11 APR &nbsp;&nbsp;kl. 1700<\/span><\/strong><\/em><\/td><td><strong><em><span class=\"has-inline-color has-vivid-red-color\">S\u00d8N 05 APR<\/span><\/em><\/strong><\/td><td><strong><em><span class=\"has-inline-color has-vivid-red-color\">kr. 125 for medlem,<br>kr. 175 ikke-medlem<\/span><\/em><\/strong><\/td><td><strong><em><span class=\"has-inline-color has-vivid-red-color\">Dato \u00e6ndret fra <br>04 APR<\/span><\/em><\/strong><\/td><\/tr><tr><td><strong><em><span class=\"has-inline-color has-vivid-red-color\">Arbejdsdage<\/span><\/em><\/strong><\/td><td><strong><em><span class=\"has-inline-color has-vivid-red-color\">L\u00d8R 25 APR og <br>L\u00d8R 09 MAJ<\/span><\/em><\/strong><\/td><td><strong><em><span class=\"has-inline-color has-vivid-purple-color\">Vi m\u00f8des kl. 0800 til kaffe og lidt br\u00f8d<\/span><\/em><\/strong><\/td><td><strong><em><span class=\"has-inline-color has-vivid-red-color\">Gratis, du f\u00e5r nok en \u00f8l eller to&#8230;<\/span><\/em><\/strong><\/td><td><strong><em><span class=\"has-inline-color has-vivid-red-color\">Frivillige h\u00e6nder s\u00f8ges &#8211; <\/span><span class=\"has-inline-color has-vivid-purple-color\">opgaver kan ses p\u00e5 Opslagstavlen<\/span><\/em><\/strong><\/td><\/tr><tr><td>Pinsetur<\/td><td>L\u00d8R 23 MAJ \u2013 MAN 25 MAJ<\/td><td>S\u00d8N 17 MAJ \u2013 giv et praj<\/td><td>Det det koster<\/td><td>Rot jer sammen og tag afsted<\/td><\/tr><tr><td>Sct. Hans grill<\/td><td>TIR 23 JUN<\/td><td>FRE 19 JUN \u2013 giv lige et praj om ca. antal<\/td><td>Du har selv mad med, d\u00e6kker selv bord, rydder selv op<\/td><td>Grill t\u00e6ndes ca. kl. 1700 af de, der m\u00f8der f\u00f8rst<\/td><\/tr><tr><td>Herretur<\/td><td>L\u00d8R 05 SEP<\/td><td>Skipperm\u00f8de p\u00e5 dagen kl. 0800<\/td><td>Du er selvforsynende<\/td><td>&nbsp;<\/td><\/tr><tr><td>Standerhaling<\/td><td>L\u00d8R 07 NOV kl. 1700<\/td><td>S\u00d8N 26 OKT<\/td><td>Se indbydelse \/ hjemmeside<\/td><td>&nbsp;<\/td><\/tr><tr><td>Bestyrelsesm\u00f8der, f\u00f8rste TIR i n\u00e6vnte m\u00e5neder kl. 1700<\/td><td>JAN, FEB, MAR, APR og OKT, NOV, DEC<\/td><td>F\u00f8rste halve time er \u00e5ben for medlemmer<\/td><td>&nbsp;<\/td><td>&nbsp;<\/td><\/tr><\/tbody><\/table><\/figure>\n\n\n\n<p>Om tilmeldingsfrister:<\/p>\n\n\n\n<ul><li>Tilmelding foretages p\u00e5 liste fremlagt i klubhuset eller ved henvendelse til bestyrelsen.<\/li><li>Tilmelding er bindende efter fristens udl\u00f8b.<\/li><\/ul>\n\n\n\n<p>Opdatering og meddelelser:<\/p>\n\n\n\n<ul><li>F\u00f8lg l\u00f8bende med p\u00e5 B\u00e5delaugets hjemmeside: <a href=\"http:\/\/www.baadlauget.dk\">www.baadlauget.dk<\/a><\/li><li>Se opslagstavlen i klubhuset.<\/li><li>Ret til \u00e6ndringer forbeholdes.<\/li><\/ul>\n","protected":false},"excerpt":{"rendered":"<p>Frederiksv\u00e6rk B\u00e5delaug&nbsp;&nbsp;&nbsp;&nbsp;&nbsp; 21. december 2025 \u00c6ndringer af 6. marts og 12. april [&hellip;]<\/p>\n","protected":false},"author":1,"featured_media":0,"parent":67,"menu_order":1,"comment_status":"closed","ping_status":"closed","template":"","meta":[],"_links":{"self":[{"href":"http:\/\/www.baadlauget.dk\/index.php\/wp-json\/wp\/v2\/pages\/376"}],"collection":[{"href":"http:\/\/www.baadlauget.dk\/index.php\/wp-json\/wp\/v2\/pages"}],"about":[{"href":"http:\/\/www.baadlauget.dk\/index.php\/wp-json\/wp\/v2\/types\/page"}],"author":[{"embeddable":true,"href":"http:\/\/www.baadlauget.dk\/index.php\/wp-json\/wp\/v2\/users\/1"}],"replies":[{"embeddable":true,"href":"http:\/\/www.baadlauget.dk\/index.php\/wp-json\/wp\/v2\/comments?post=376"}],"version-history":[{"count":7,"href":"http:\/\/www.baadlauget.dk\/index.php\/wp-json\/wp\/v2\/pages\/376\/revisions"}],"predecessor-version":[{"id":435,"href":"http:\/\/www.baadlauget.dk\/index.php\/wp-json\/wp\/v2\/pages\/376\/revisions\/435"}],"up":[{"embeddable":true,"href":"http:\/\/www.baadlauget.dk\/index.php\/wp-json\/wp\/v2\/pages\/67"}],"wp:attachment":[{"href":"http:\/\/www.baadlauget.dk\/index.php\/wp-json\/wp\/v2\/media?parent=376"}],"curies":[{"name":"wp","href":"https:\/\/api.w.org\/{rel}","templated":true}]}}