{"id":305,"date":"2025-01-11T16:58:43","date_gmt":"2025-01-11T15:58:43","guid":{"rendered":"http:\/\/www.baadlauget.dk\/?page_id=305"},"modified":"2025-10-09T13:22:04","modified_gmt":"2025-10-09T12:22:04","slug":"aktiviteter-2025","status":"publish","type":"page","link":"http:\/\/www.baadlauget.dk\/index.php\/aktivitetskalender\/aktiviteter-2025\/","title":{"rendered":"Aktiviteter 2025"},"content":{"rendered":"\n<p><strong>Frederiksv\u00e6rk B\u00e5delaug<\/strong><\/p>\n\n\n\n<p>20. december 2024<\/p>\n\n\n\n<p>K\u00e6re medlemmer<\/p>\n\n\n\n<p>Med \u00f8nsket om en gl\u00e6delig (bag) jul og et godt nyt\u00e5r fremsendes hermed aktivitetskalender for 2025.<\/p>\n\n\n\n<p><strong><u>AKTIVITETSKALENDER FOR 2025<\/u><\/strong><\/p>\n\n\n\n<p><strong><span class=\"has-inline-color has-luminous-vivid-orange-color\">\u00c6ndringer pr. oktober 2025<\/span><\/strong><\/p>\n\n\n\n<figure class=\"wp-block-table\"><table><tbody><tr><td><strong>Hvad<\/strong><\/td><td><strong>Hvorn\u00e5r<\/strong><\/td><td><strong>Tilmeldingsfrist<\/strong><\/td><td><strong>Pris pr. hoved<\/strong><\/td><td><strong>Bem\u00e6rkninger<\/strong><\/td><\/tr><tr><td>Generalforsamling i B\u00e5delauget<\/td><td>S\u00d8N 16 FEB&nbsp;&nbsp; kl. 1000<\/td><td>Til sild og ost S\u00d8N 09 FEB<\/td><td>Gratis<\/td><td>Forslag senest S\u00d8N 02 FEB<\/td><\/tr><tr><td>Kontingentindbetaling i klubhuset<\/td><td>S\u00d8N 09 MAR kl. 1000-1300<\/td><td>Bare m\u00f8d op<\/td><td>Jf. takstblad<\/td><td>&nbsp;<\/td><\/tr><tr><td>Kontingentindbetaling i klubhuset<\/td><td>S\u00d8N 16 MAR kl. 1000-1300<\/td><td>Bare m\u00f8d op<\/td><td>Jf. takstblad<\/td><td>&nbsp;<\/td><\/tr><tr><td>Standerhejsning<\/td><td>L\u00d8R 05 APR &nbsp;&nbsp;kl. 1700<\/td><td>S\u00d8N 30 MAR<\/td><td>Se indbydelse \/ hjemmeside<\/td><td>&nbsp;<\/td><\/tr><tr><td>Pinsetur<\/td><td>L\u00d8R 07 JUN \u2013 MAN 09 JUN<\/td><td>S\u00d8N 01 JUN \u2013 giv et praj<\/td><td>Det det koster<\/td><td>Rot jer sammen og tag afsted<\/td><\/tr><tr><td>Sct. Hans grill<\/td><td>MAN 23 JUN<\/td><td>S\u00d8N 15 JUN \u2013 giv lige et praj om ca. antal<\/td><td>Du har selv mad med, d\u00e6kker selv bord, rydder selv op<\/td><td>Grill t\u00e6ndes ca. kl. 1700 af de, der m\u00f8der f\u00f8rst<\/td><\/tr><tr><td>Herretur<\/td><td>L\u00d8R 06 SEP<\/td><td>Skipperm\u00f8de p\u00e5 dagen kl. 0800<\/td><td>Du er selvforsynende<\/td><td>&nbsp;<\/td><\/tr><tr><td>Standerhaling<\/td><td>L\u00d8R 01 NOV kl.<span class=\"has-inline-color has-luminous-vivid-orange-color\"> <strong>1300<\/strong><\/span><\/td><td>S\u00d8N 26 OKT<\/td><td>Se indbydelse \/ hjemmeside<\/td><td><strong><span class=\"has-inline-color has-luminous-vivid-orange-color\">Tidspunkt \u00e6ndret fra kl. 1700 til kl. 1300<\/span><\/strong><\/td><\/tr><tr><td>Bestyrelsesm\u00f8der, f\u00f8rste TIR i n\u00e6vnte m\u00e5neder kl. 1700<\/td><td>JAN, FEB, MAR, APR og OKT, NOV, DEC<\/td><td>F\u00f8rste halve time er \u00e5ben for medlemmer<\/td><td>&nbsp;<\/td><td>&nbsp;<\/td><\/tr><\/tbody><\/table><\/figure>\n\n\n\n<p>Om tilmeldingsfrister:<\/p>\n\n\n\n<ul><li>Tilmelding foretages p\u00e5 liste fremlagt i klubhuset eller ved henvendelse til bestyrelsen.<\/li><li>Tilmelding er bindende efter fristens udl\u00f8b.<\/li><\/ul>\n\n\n\n<p>Opdatering og meddelelser:<\/p>\n\n\n\n<ul><li>F\u00f8lg l\u00f8bende med p\u00e5 B\u00e5delaugets hjemmeside: <a href=\"http:\/\/www.baadlauget.dk\">www.baadlauget.dk<\/a><\/li><li>Se opslagstavlen i klubhuset.<\/li><li>Ret til \u00e6ndringer forbeholdes.<\/li><\/ul>\n","protected":false},"excerpt":{"rendered":"<p>Frederiksv\u00e6rk B\u00e5delaug 20. december 2024 K\u00e6re medlemmer Med \u00f8nsket om en gl\u00e6delig [&hellip;]<\/p>\n","protected":false},"author":1,"featured_media":0,"parent":67,"menu_order":15,"comment_status":"closed","ping_status":"closed","template":"","meta":[],"_links":{"self":[{"href":"http:\/\/www.baadlauget.dk\/index.php\/wp-json\/wp\/v2\/pages\/305"}],"collection":[{"href":"http:\/\/www.baadlauget.dk\/index.php\/wp-json\/wp\/v2\/pages"}],"about":[{"href":"http:\/\/www.baadlauget.dk\/index.php\/wp-json\/wp\/v2\/types\/page"}],"author":[{"embeddable":true,"href":"http:\/\/www.baadlauget.dk\/index.php\/wp-json\/wp\/v2\/users\/1"}],"replies":[{"embeddable":true,"href":"http:\/\/www.baadlauget.dk\/index.php\/wp-json\/wp\/v2\/comments?post=305"}],"version-history":[{"count":3,"href":"http:\/\/www.baadlauget.dk\/index.php\/wp-json\/wp\/v2\/pages\/305\/revisions"}],"predecessor-version":[{"id":365,"href":"http:\/\/www.baadlauget.dk\/index.php\/wp-json\/wp\/v2\/pages\/305\/revisions\/365"}],"up":[{"embeddable":true,"href":"http:\/\/www.baadlauget.dk\/index.php\/wp-json\/wp\/v2\/pages\/67"}],"wp:attachment":[{"href":"http:\/\/www.baadlauget.dk\/index.php\/wp-json\/wp\/v2\/media?parent=305"}],"curies":[{"name":"wp","href":"https:\/\/api.w.org\/{rel}","templated":true}]}}