{"id":240,"date":"2023-12-02T17:41:25","date_gmt":"2023-12-02T16:41:25","guid":{"rendered":"http:\/\/www.baadlauget.dk\/?page_id=240"},"modified":"2025-01-11T17:04:12","modified_gmt":"2025-01-11T16:04:12","slug":"aktiviteter-2024","status":"publish","type":"page","link":"http:\/\/www.baadlauget.dk\/index.php\/aktivitetskalender\/aktiviteter-2024\/","title":{"rendered":"Aktiviteter 2024"},"content":{"rendered":"\n<p><strong>Frederiksv\u00e6rk B\u00e5delaug<\/strong><\/p>\n\n\n\n<p>L\u00f8rdag den 2. december 2023<br><em><strong>Rettet 8. oktober 2024<\/strong><\/em><\/p>\n\n\n\n<p>K\u00e6re medlemmer<\/p>\n\n\n\n<p>Med \u00f8nsket om en gl\u00e6delig jul og et godt nyt\u00e5r fremsendes hermed aktivitetskalender for 2024.<\/p>\n\n\n\n<p><strong><u>AKTIVITETSKALENDER FOR 2024<\/u><\/strong><\/p>\n\n\n\n<figure class=\"wp-block-table\"><table><tbody><tr><td><strong>Hvad<\/strong><\/td><td><strong>Hvorn\u00e5r<\/strong><\/td><td><strong>Tilmeldingsfrist<\/strong><\/td><td><strong>Pris pr. hoved<\/strong><\/td><td><strong>Bem\u00e6rkninger<\/strong><\/td><\/tr><tr><td>Generalforsamling i B\u00e5delauget<\/td><td>S\u00d8N 18 FEB&nbsp;&nbsp; kl. 1000<\/td><td>Til sild og ost S\u00d8N 11 FEB<\/td><td>Gratis<\/td><td>Forslag senest S\u00d8N 04 FEB<\/td><\/tr><tr><td>Kontingentindbetaling i klubhuset<\/td><td>S\u00d8N 03 MAR kl. 1000-1300<\/td><td>Bare m\u00f8d op<\/td><td>Jf. takstblad<\/td><td>&nbsp;<\/td><\/tr><tr><td>Kontingentindbetaling i klubhuset<\/td><td>S\u00d8N 10 MAR kl. 1000-1300<\/td><td>Bare m\u00f8d op<\/td><td>Jf. takstblad<\/td><td>&nbsp;<\/td><\/tr><tr><td>Standerhejsning<\/td><td>L\u00d8R 06 APR &nbsp;&nbsp;kl. 1700<\/td><td>S\u00d8N 24 MAR<\/td><td>Kr. 100 for medlem      Kr. 150 ikke medlem<\/td><td>&nbsp;<\/td><\/tr><tr><td>Pinsetur<\/td><td>L\u00d8R 18 MAJ \u2013 MAN 20 MAJ<\/td><td>S\u00d8N 12 MAJ \u2013 giv et praj<\/td><td>Det det koster<\/td><td>Rot jer sammen og tag afsted<\/td><\/tr><tr><td>Sct. Hans grill<\/td><td>S\u00d8N 23 JUN<\/td><td>S\u00d8N 16 JUN \u2013 giv lige et praj om ca. antal<\/td><td>Du har selv mad med, d\u00e6kker selv bord, rydder selv op<\/td><td>Grill t\u00e6ndes ca. kl. 1700 af de, der m\u00f8der f\u00f8rst<\/td><\/tr><tr><td>Herretur<\/td><td>L\u00d8R 07 SEP<\/td><td>Skipperm\u00f8de p\u00e5 dagen kl. 0800<\/td><td>Du er selvforsynende<\/td><td>&nbsp;<\/td><\/tr><tr><td>Standerhaling<\/td><td>L\u00d8R 02 NOV kl. 1700<\/td><td>S\u00d8N <em>27 <\/em>OKT<\/td><td>Kr. <strong>125<\/strong> for medlem  Kr. <em><strong>150<\/strong> <\/em>ikke medlem<\/td><td>&nbsp;<\/td><\/tr><tr><td>Bestyrelsesm\u00f8der, f\u00f8rste TIR i n\u00e6vnte m\u00e5neder kl. <em><strong>1700<\/strong><\/em><\/td><td>JAN, FEB, MAR, APR og OKT, NOV, DEC<\/td><td>F\u00f8rste halve time er \u00e5ben for medlemmer<\/td><td>&nbsp;<\/td><td>&nbsp;<\/td><\/tr><\/tbody><\/table><\/figure>\n\n\n\n<p>Om tilmeldingsfrister:<\/p>\n\n\n\n<ul><li>Tilmelding foretages p\u00e5 liste fremlagt i klubhuset eller ved henvendelse til bestyrelsen.<\/li><li>Tilmelding er bindende efter fristens udl\u00f8b.<\/li><\/ul>\n\n\n\n<p>Opdatering og meddelelser:<\/p>\n\n\n\n<ul><li>F\u00f8lg l\u00f8bende med p\u00e5 B\u00e5delaugets hjemmeside: <a href=\"http:\/\/www.baadlauget.dk\">www.baadlauget.dk<\/a><\/li><li>Se opslagstavlen i klubhuset.<\/li><li>Ret til \u00e6ndringer forbeholdes.<\/li><\/ul>\n","protected":false},"excerpt":{"rendered":"<p>Frederiksv\u00e6rk B\u00e5delaug L\u00f8rdag den 2. december 2023Rettet 8. oktober 2024 K\u00e6re medlemmer [&hellip;]<\/p>\n","protected":false},"author":1,"featured_media":0,"parent":67,"menu_order":16,"comment_status":"closed","ping_status":"closed","template":"","meta":[],"_links":{"self":[{"href":"http:\/\/www.baadlauget.dk\/index.php\/wp-json\/wp\/v2\/pages\/240"}],"collection":[{"href":"http:\/\/www.baadlauget.dk\/index.php\/wp-json\/wp\/v2\/pages"}],"about":[{"href":"http:\/\/www.baadlauget.dk\/index.php\/wp-json\/wp\/v2\/types\/page"}],"author":[{"embeddable":true,"href":"http:\/\/www.baadlauget.dk\/index.php\/wp-json\/wp\/v2\/users\/1"}],"replies":[{"embeddable":true,"href":"http:\/\/www.baadlauget.dk\/index.php\/wp-json\/wp\/v2\/comments?post=240"}],"version-history":[{"count":6,"href":"http:\/\/www.baadlauget.dk\/index.php\/wp-json\/wp\/v2\/pages\/240\/revisions"}],"predecessor-version":[{"id":297,"href":"http:\/\/www.baadlauget.dk\/index.php\/wp-json\/wp\/v2\/pages\/240\/revisions\/297"}],"up":[{"embeddable":true,"href":"http:\/\/www.baadlauget.dk\/index.php\/wp-json\/wp\/v2\/pages\/67"}],"wp:attachment":[{"href":"http:\/\/www.baadlauget.dk\/index.php\/wp-json\/wp\/v2\/media?parent=240"}],"curies":[{"name":"wp","href":"https:\/\/api.w.org\/{rel}","templated":true}]}}