{"id":19,"date":"2021-11-28T15:50:20","date_gmt":"2021-11-28T15:50:20","guid":{"rendered":"http:\/\/sorensen.cc\/?page_id=19"},"modified":"2026-03-07T16:34:06","modified_gmt":"2026-03-07T15:34:06","slug":"frederiksvaerk-baadelaug","status":"publish","type":"page","link":"http:\/\/www.baadlauget.dk\/","title":{"rendered":"Frederiksv\u00e6rk B\u00e5delaug"},"content":{"rendered":"\n<figure class=\"wp-block-image size-full is-resized\"><img loading=\"lazy\" src=\"http:\/\/sorensen.cc\/wp-content\/uploads\/2021\/11\/Klubhus-1.jpg\" alt=\"\" class=\"wp-image-43\" width=\"716\" height=\"599\" srcset=\"http:\/\/www.baadlauget.dk\/wp-content\/uploads\/2021\/11\/Klubhus-1.jpg 716w, http:\/\/www.baadlauget.dk\/wp-content\/uploads\/2021\/11\/Klubhus-1-300x251.jpg 300w, http:\/\/www.baadlauget.dk\/wp-content\/uploads\/2021\/11\/Klubhus-1-230x192.jpg 230w, http:\/\/www.baadlauget.dk\/wp-content\/uploads\/2021\/11\/Klubhus-1-350x293.jpg 350w, http:\/\/www.baadlauget.dk\/wp-content\/uploads\/2021\/11\/Klubhus-1-480x402.jpg 480w\" sizes=\"(max-width: 716px) 100vw, 716px\" \/><\/figure>\n\n\n\n<p>Marts 2026<\/p>\n\n\n\n<p>Velkommen til Frederiksv\u00e6rk B\u00e5delaug \u2013 Midt i historien og t\u00e6t p\u00e5 fjorden<\/p>\n\n\n\n<p>Tr\u00e6d ind i et f\u00e6llesskab, hvor k\u00e6rligheden til s\u00f8livet og det gode selskab g\u00e5r h\u00e5nd i h\u00e5nd. <\/p>\n\n\n\n<p>Frederiksv\u00e6rk B\u00e5delaug holder til i hjertet af Danmarks f\u00f8rste industriby, hvor historien om kanoner, krudt og stolte h\u00e5ndv\u00e6rkstraditioner stadig m\u00e6rkes langs de idylliske kanaler og de karakteristiske gule bygninger.<strong> <\/strong>Havnens mindste klubhus \u2013 men st\u00f8rste hjerterum<br><\/p>\n\n\n\n<p>Vi er stolte af at have havnens mindste klubhus. Men lad dig ikke narre af st\u00f8rrelsen; det er her, de bedste historier bliver fortalt, og de mest hj\u00e6lpsomme r\u00e5d bliver delt. Med vores ca. 125 medlemmer og en fl\u00e5de, der sp\u00e6nder fra sm\u00e5 joller til store lystb\u00e5de, finder du en alsidighed, som g\u00f8r, at du aldrig g\u00e5r forg\u00e6ves, n\u00e5r du mangler en hj\u00e6lpende h\u00e5nd eller en hyggelig snak.<strong> <\/strong>Livet i og omkring lauget<br><\/p>\n\n\n\n<p>Vores s\u00e6son er pr\u00e6get af gode traditioner og uformelt samv\u00e6r:<\/p>\n\n\n\n<ul><li><strong>Festlige traditioner<\/strong>: Vi markerer \u00e5rets gang med den klassiske standerhejsning og -haling, mens vi nyder de lyse n\u00e6tter til vores uformelle Sct. Hans-grill.<\/li><li><strong>F\u00e6lles togt<\/strong>: Oplev det smukke omr\u00e5de fra s\u00f8siden, n\u00e5r vi drager p\u00e5 f\u00e6lles pinsetur, eller n\u00e5r den traditionsrige herretur l\u00f8ber af stablen den f\u00f8rste l\u00f8rdag i september.<\/li><li><strong>Vinterhygge<\/strong>: N\u00e5r fjorden bider, rykker vi sammen indenfor til f\u00e6llesspisning og grillaftener, pr\u00e6cis som det passer medlemmerne.<\/li><\/ul>\n\n\n\n<p><strong>Bliv en del af f\u00e6llesskabet<\/strong><br>Som andelshaver i havnen har du mulighed for at blive en del af vores laug. For et \u00e5rligt kontingent p\u00e5 kun 500 kr. (plus 100 kr. i indmeldelsesgebyr) f\u00e5r du adgang til et st\u00e6rkt socialt netv\u00e6rk. Vi tilbyder desuden en fordelagtig kollektiv ansvarsforsikring til din b\u00e5d for blot 300 kr. om \u00e5ret.<\/p>\n\n\n\n<p>Vi gl\u00e6der os til at se dig p\u00e5 broen eller i klubhuset.<strong>  <\/strong>Vel m\u00f8dt i Frederiksv\u00e6rk B\u00e5delaug!<\/p>\n\n\n\n<p>Indmeldelse i B\u00e5delauget sker gennem <a href=\"http:\/\/www.baadlauget.dk\/index.php\/bestyrelsen\/\" data-type=\"page\" data-id=\"13\">kassereren<\/a>.<\/p>\n\n\n\n<p><\/p>\n\n\n\n<p><\/p>\n\n\n\n<p><\/p>\n","protected":false},"excerpt":{"rendered":"<p>Marts 2026 Velkommen til Frederiksv\u00e6rk B\u00e5delaug \u2013 Midt i historien og t\u00e6t [&hellip;]<\/p>\n","protected":false},"author":1,"featured_media":0,"parent":0,"menu_order":0,"comment_status":"closed","ping_status":"closed","template":"page-templates\/page_front-page.php","meta":[],"_links":{"self":[{"href":"http:\/\/www.baadlauget.dk\/index.php\/wp-json\/wp\/v2\/pages\/19"}],"collection":[{"href":"http:\/\/www.baadlauget.dk\/index.php\/wp-json\/wp\/v2\/pages"}],"about":[{"href":"http:\/\/www.baadlauget.dk\/index.php\/wp-json\/wp\/v2\/types\/page"}],"author":[{"embeddable":true,"href":"http:\/\/www.baadlauget.dk\/index.php\/wp-json\/wp\/v2\/users\/1"}],"replies":[{"embeddable":true,"href":"http:\/\/www.baadlauget.dk\/index.php\/wp-json\/wp\/v2\/comments?post=19"}],"version-history":[{"count":17,"href":"http:\/\/www.baadlauget.dk\/index.php\/wp-json\/wp\/v2\/pages\/19\/revisions"}],"predecessor-version":[{"id":430,"href":"http:\/\/www.baadlauget.dk\/index.php\/wp-json\/wp\/v2\/pages\/19\/revisions\/430"}],"wp:attachment":[{"href":"http:\/\/www.baadlauget.dk\/index.php\/wp-json\/wp\/v2\/media?parent=19"}],"curies":[{"name":"wp","href":"https:\/\/api.w.org\/{rel}","templated":true}]}}