{"id":159,"date":"2022-05-08T18:16:46","date_gmt":"2022-05-08T17:16:46","guid":{"rendered":"http:\/\/www.baadlauget.dk\/?page_id=159"},"modified":"2022-12-11T14:15:52","modified_gmt":"2022-12-11T13:15:52","slug":"orientering-fra-bestyrelsen-dec-2021","status":"publish","type":"page","link":"http:\/\/www.baadlauget.dk\/index.php\/bestyrelsen\/orientering-fra-bestyrelsen-dec-2021\/","title":{"rendered":"Orientering fra bestyrelsen DEC 2021"},"content":{"rendered":"\n<p><strong>FREDERIKSV\u00c6RK B\u00c5DELAUG<\/strong><\/p>\n\n\n\n<p>December 2021<\/p>\n\n\n\n<p><strong>Orientering fra bestyrelsen om dit B\u00e5delaug i 2021<\/strong><\/p>\n\n\n\n<p>K\u00e6re medlemmer.<\/p>\n\n\n\n<p>Ogs\u00e5 i \u00e5r har Corona&#8217;en sat sit pr\u00e6g p\u00e5 aktiviteterne. Vilk\u00e5rene til trods har flere alligevel f\u00e5et sejlet lidt\/noget\/meget.<\/p>\n\n\n\n<p>Vores <strong>generalforsamling<\/strong> i februar var vi n\u00f8dsaget til at aflyse p\u00e5 grund af Corona&#8217;en.<\/p>\n\n\n\n<p><strong>Kontingentindbetaling<\/strong> i klubhuset primo marts blev suspenderet igen som f\u00f8lge af Corona&#8217;en og der blev udsendt girokort til alle.<\/p>\n\n\n\n<p><strong>Standerhejsningen <\/strong>f\u00f8rst i april valgte vi ligeledes at aflyse som f\u00f8lge af Corona&#8217;en.<\/p>\n\n\n\n<p><strong>Sct. Hans<\/strong> tiltrak ca. 30 deltagere, som flittigt brugte terrassen til grill og hygge.<\/p>\n\n\n\n<p><strong>Herreturen<\/strong> blev gennemf\u00f8rt, idet restriktionerne omkring Corona&#8217;en gav mulighed for det &#8211; der berettes om en fin tur i fantastisk vejr.<\/p>\n\n\n\n<p><strong>Standernedhalingen<\/strong> l\u00f8rdag den 6. november blev gennemf\u00f8rt med 19 glade deltagere, en fin buffet fra R\u00f8geristen, drikkevarer fra Kaspers k\u00f8leskab, levende musik ved Jan Ahrensberg og stram styring i k\u00f8kkenet af Sanne. Alt i alt en god og hyggelig fest &#8211; dejligt at det igen kunne lade sig g\u00f8re.<\/p>\n\n\n\n<p><strong>Andre tiltag<\/strong> i B\u00e5delauget udg\u00f8res af<\/p>\n\n\n\n<ul><li>Vi har f\u00e5et <strong>ny klubhusbestyrer<\/strong>. Knud valgte i det sene for\u00e5r at fratr\u00e6de \u2013 vi siger mange tak til Knud og K\u00e4the for jeres vel gennemf\u00f8rte tjeneste. Kasper (knasth\u00f8vleren) har stillet sit mandat til r\u00e5dighed og vi har et fint samarbejde \u2013 tag vel imod og pas p\u00e5 ham.<\/li><li>Endelig lykkedes det at f\u00e5r etableret et <strong>nyt n\u00f8glesystem<\/strong>, som nu har v\u00e6ret operativt i nogle m\u00e5neder. Har du \u00f8nske om at f\u00e5 en n\u00f8gle, s\u00e5 henvend dig trygt til Mikael Winther. Enten f\u00e5r du byttet din gamle n\u00f8gle eller du f\u00e5r en ny formedelst kr. 100,-<\/li><li><strong>Vores hjemmeside<\/strong> har v\u00e6ret g\u00e5et ned, men lige om lidt er den aktiv igen \u2013 s\u00f8g blot p\u00e5 <a href=\"http:\/\/www.baadlauget.dk\/\">www.baadlauget.dk<\/a><\/li><\/ul>\n\n\n\n<p><strong>Hvad sker der lige i den n\u00e6rmeste fremtid<\/strong>:<\/p>\n\n\n\n<ul><li>N\u00e6ste bestyrelsesm\u00f8de er tirsdag den 9. december, hvor vi pakker og udsender indkaldelse til generalforsamling samt aktivitetskalender for 2022.<\/li><li>Generalforsamling 2022 finder sted s\u00f8ndag den 6. februar \u2013 om Corona&#8217;en vil. <br><br>P\u00e5 bestyrelsens vegne<br>Niels Gregart<br>Formand<\/li><\/ul>\n\n\n\n<p><strong>PS. <\/strong>Som andelshaver skal opm\u00e6rksomheden henledes p\u00e5 A.m.b.a. udskudte ordin\u00e6re general-forsamling 5. september og den ekstraordin\u00e6re generalforsamling 22. november \u2013 begge handlede overordnet set om \u00f8konomi. Det kan anbefales at se referaterne p\u00e5 havnens hjemmeside.<\/p>\n\n\n\n<p><strong>PS-PS. <\/strong>Corona er noget vi m\u00e5 leve med og vi efterlever myndighedernes retningslinier og p\u00e5bud!<\/p>\n","protected":false},"excerpt":{"rendered":"<p>FREDERIKSV\u00c6RK B\u00c5DELAUG December 2021 Orientering fra bestyrelsen om dit B\u00e5delaug i 2021 [&hellip;]<\/p>\n","protected":false},"author":1,"featured_media":0,"parent":13,"menu_order":18,"comment_status":"closed","ping_status":"closed","template":"","meta":[],"_links":{"self":[{"href":"http:\/\/www.baadlauget.dk\/index.php\/wp-json\/wp\/v2\/pages\/159"}],"collection":[{"href":"http:\/\/www.baadlauget.dk\/index.php\/wp-json\/wp\/v2\/pages"}],"about":[{"href":"http:\/\/www.baadlauget.dk\/index.php\/wp-json\/wp\/v2\/types\/page"}],"author":[{"embeddable":true,"href":"http:\/\/www.baadlauget.dk\/index.php\/wp-json\/wp\/v2\/users\/1"}],"replies":[{"embeddable":true,"href":"http:\/\/www.baadlauget.dk\/index.php\/wp-json\/wp\/v2\/comments?post=159"}],"version-history":[{"count":2,"href":"http:\/\/www.baadlauget.dk\/index.php\/wp-json\/wp\/v2\/pages\/159\/revisions"}],"predecessor-version":[{"id":161,"href":"http:\/\/www.baadlauget.dk\/index.php\/wp-json\/wp\/v2\/pages\/159\/revisions\/161"}],"up":[{"embeddable":true,"href":"http:\/\/www.baadlauget.dk\/index.php\/wp-json\/wp\/v2\/pages\/13"}],"wp:attachment":[{"href":"http:\/\/www.baadlauget.dk\/index.php\/wp-json\/wp\/v2\/media?parent=159"}],"curies":[{"name":"wp","href":"https:\/\/api.w.org\/{rel}","templated":true}]}}