{"id":13,"date":"2021-11-28T13:46:03","date_gmt":"2021-11-28T12:46:03","guid":{"rendered":"http:\/\/sorensen.cc\/?page_id=13"},"modified":"2026-02-19T15:02:27","modified_gmt":"2026-02-19T14:02:27","slug":"bestyrelsen","status":"publish","type":"page","link":"http:\/\/www.baadlauget.dk\/index.php\/bestyrelsen\/","title":{"rendered":"Bestyrelsen"},"content":{"rendered":"\n<p>Ved generalforsamlingen 15. februar 2026 blev S\u00f8ren Nielsen og Kasper S\u00f8rensen genvalgt til bestyrelsen og Ernst Lyngb\u00e6k blev nyvalgt til bestyrelsen. Pia Winther og Jytte S\u00f8gaard blev genvalgt som suppleanter. Referat f\u00f8lger snarest.<br>Forel\u00f8big konstituering indtil bestyrelsesm\u00f8det den 3. marts 2026:<\/p>\n\n\n\n<ul><li>Formand: S\u00f8ren Nielsen, tlf.-nr. 4060 0401<\/li><li>N\u00e6stformand: Kasper S\u00f8rensen, tlf.-nr. 2212 9222<\/li><li>Kasserer: Niels Gregart, tlf.-nr. 2293 9958<\/li><li>Bestyrelsesmedlem: Ernst Lyngb\u00e6k, tlf.-nr. 5094 0251<\/li><li>Bestyrelsesmedlem: S\u00f8ren S\u00f8gaard, tlf.-nr. 2448 5841<\/li><\/ul>\n\n\n\n<p><\/p>\n\n\n\n<p>Mail til bestyrelsen kan sendes til  <a href=\"mailto:frv.baadelaug@gmail.com\" data-type=\"mailto\" data-id=\"mailto:frv.baadelaug@gmail.com\">frv.baadelaug@gmail.com<\/a><\/p>\n\n\n\n<p>Klubhusbestyrer: Kasper S\u00f8rensen, tlf.-nr.  2212 9222<\/p>\n\n\n\n<p><\/p>\n\n\n\n<p class=\"has-large-font-size\">Orientering fra Bestyrelsen<\/p>\n\n\n\n<p><\/p>\n\n\n\n<p><a href=\"http:\/\/www.baadlauget.dk\/index.php\/bestyrelsen\/orientering-fra-bestyrelsen-dec-2022\/\" data-type=\"page\" data-id=\"190\">Orientering fra bestyrelsen 2022<\/a><\/p>\n\n\n\n<p><a href=\"http:\/\/www.baadlauget.dk\/index.php\/bestyrelsen\/orientering-fra-bestyrelsen-dec-2021\/\" data-type=\"page\" data-id=\"159\">Orientering fra bestyrelsen 2021<\/a><\/p>\n\n\n\n<p><a href=\"http:\/\/www.baadlauget.dk\/index.php\/bestyrelsen\/orientering-fra-bestyrelsen-2\/\" data-type=\"page\" data-id=\"131\">Orientering fra bestyrelsen 2020<\/a><\/p>\n\n\n\n<p><a href=\"http:\/\/www.baadlauget.dk\/index.php\/bestyrelsen\/orientering-fra-bestyrelsen\/\" data-type=\"page\" data-id=\"115\">Orientering fra bestyrelsen 2019<\/a><\/p>\n\n\n\n<p class=\"has-large-font-size\">Vedt\u00e6gter<\/p>\n\n\n\n<p><a href=\"http:\/\/www.baadlauget.dk\/index.php\/bestyrelsen\/vedtaegter\/\" data-type=\"page\" data-id=\"211\">Vedt\u00e6gter<\/a><\/p>\n","protected":false},"excerpt":{"rendered":"<p>Ved generalforsamlingen 15. februar 2026 blev S\u00f8ren Nielsen og Kasper S\u00f8rensen genvalgt [&hellip;]<\/p>\n","protected":false},"author":1,"featured_media":0,"parent":0,"menu_order":0,"comment_status":"closed","ping_status":"closed","template":"","meta":[],"_links":{"self":[{"href":"http:\/\/www.baadlauget.dk\/index.php\/wp-json\/wp\/v2\/pages\/13"}],"collection":[{"href":"http:\/\/www.baadlauget.dk\/index.php\/wp-json\/wp\/v2\/pages"}],"about":[{"href":"http:\/\/www.baadlauget.dk\/index.php\/wp-json\/wp\/v2\/types\/page"}],"author":[{"embeddable":true,"href":"http:\/\/www.baadlauget.dk\/index.php\/wp-json\/wp\/v2\/users\/1"}],"replies":[{"embeddable":true,"href":"http:\/\/www.baadlauget.dk\/index.php\/wp-json\/wp\/v2\/comments?post=13"}],"version-history":[{"count":23,"href":"http:\/\/www.baadlauget.dk\/index.php\/wp-json\/wp\/v2\/pages\/13\/revisions"}],"predecessor-version":[{"id":403,"href":"http:\/\/www.baadlauget.dk\/index.php\/wp-json\/wp\/v2\/pages\/13\/revisions\/403"}],"wp:attachment":[{"href":"http:\/\/www.baadlauget.dk\/index.php\/wp-json\/wp\/v2\/media?parent=13"}],"curies":[{"name":"wp","href":"https:\/\/api.w.org\/{rel}","templated":true}]}}