{"id":115,"date":"2021-11-28T18:02:05","date_gmt":"2021-11-28T17:02:05","guid":{"rendered":"http:\/\/sorensen.cc\/?page_id=115"},"modified":"2022-12-11T14:15:16","modified_gmt":"2022-12-11T13:15:16","slug":"orientering-fra-bestyrelsen","status":"publish","type":"page","link":"http:\/\/www.baadlauget.dk\/index.php\/bestyrelsen\/orientering-fra-bestyrelsen\/","title":{"rendered":"Orientering fra bestyrelsen november 2019"},"content":{"rendered":"\n<p><strong>FREDERIKSV\u00c6RK B\u00c5DELAUG<\/strong><\/p>\n\n\n\n<p>21. november 2019<\/p>\n\n\n\n<p><strong>Orientering fra bestyrelsen om dit B\u00e5delaug i 2019<\/strong><\/p>\n\n\n\n<p>K\u00e6re medlemmer.<\/p>\n\n\n\n<p>Indr\u00f8mmet at vi er lidt sent ude med denne orientering, men s\u00e5dan g\u00e5r det nogen gange \u2013 h\u00e5ber I b\u00e6rer over med os.<\/p>\n\n\n\n<p>Vores <strong>generalforsamling<\/strong> i februar forl\u00f8b fint med deltagelse af 21 medlemmer \u2013 og uden at der skete revolution; vi k\u00f8rer st\u00f8t der ud af\uf04a Husk at referatet ligger p\u00e5 vores hjemmeside.<\/p>\n\n\n\n<p><strong>Hornfisketuren og Pinseturen<\/strong> blev ikke gennemf\u00f8rt som et klubarrangement; er der nogen, der har lyst, s\u00e5 ligger der et par opgaver til n\u00e6ste \u00e5r.<\/p>\n\n\n\n<p><strong>Terrassen<\/strong> blev bygget f\u00e6rdig hen over for\u00e5ret og fremst\u00e5r nu rigtig flot. Mange tak for den store indsats fra Niels, Michael og Lars (Winther-br\u00f8drene), Morten, Erik, Kasper, Lars, Carsten, Per, Knud og bestyrelsen; og til Gert som lavede prikken over i\u2019et med det meget flotte r\u00e6kv\u00e6rk. Det er godt at vide, at vi kan, n\u00e5r vi skal<\/p>\n\n\n\n<p><strong>Sct. Hans-grillen<\/strong> blev noget af et till\u00f8bsstykke, idet ikke mindre end 28 havde valgt at grille og feste p\u00e5 vores nye terrasse \u2013 man kan vel sige, at det blev den officielle indvielse af terrassen. Dejligt at se at der er liv og at klubhuset bliver brugt.<\/p>\n\n\n\n<p>I \u00e5r var der <strong>Havnefest<\/strong> i august og fra B\u00e5delauget var det Andreas og Pia, der trak det store l\u00e6s ikke mindst under planl\u00e6gningen og tilrettel\u00e6ggelsen \u2013 mange tak for det I to. P\u00e5 selve dagen var vi en h\u00e5ndfuld, der havde forskellige opgaver og alt forl\u00f8b fint.<br>Der var dog lige diskussion om klubhusenes rolle, men A.M.B.A. bestyrelse havde nedsat et festudvalg og her havde man besluttet, at Cafe Mark skulle have entreprisen p\u00e5 alt omkring drikkevarer \u2013 ikke mindst fordi Cafe Mark stod for 3 musikalske arrangementer i l\u00f8bet af dagen og aftenen.<\/p>\n\n\n\n<p>P\u00e5 <strong>bestyrelsesm\u00f8det den 3. september<\/strong> m\u00f8dte 5 medlemmer op, idet der var uklarhed om nogle ting:<\/p>\n\n\n\n<ul><li>Havnefesten og den manglende mulighed for fuldt ud at bruge klubhuset blev dr\u00f8ftet, men bestyrelsen st\u00f8ttede tilgangen om, at Cafe Mark n\u00f8dvendigvis m\u00e5tte have et grundlag for at holde deres \u00f8konomi p\u00e5 plads. Ligeledes var der et tidligere \u00e5r konstateret, at \u00e9n klub havde lavet deres \u201degen fest i festen\u201d, hvilket medf\u00f8rte et noget tomt festtelt p\u00e5 \u00f8en \u2013 det \u00f8nskede man ikke igen. Sluttelig m\u00e5 bestyrelsen erkende, at vi nok skulle have kommunikeret tydeligere og tidligere ud omkring klubhusets anvendelse p\u00e5 denne dag \u2013 vi g\u00f8r det bedre n\u00e6ste gang.<\/li><li>Klubhusets anvendelse i andre sammenh\u00e6nge var ogs\u00e5 oppe og vende. Vi enedes om, at selvf\u00f8lgelig er der forskel p\u00e5, n\u00e5r et medlem l\u00e5ner klubhuset til et privat arrangement og n\u00e5r et antal medlemmer pludselig og spontant \u201dlaver en fest ud af det\u201d \u2013 i det f\u00f8rstn\u00e6vnte tilf\u00e6lde er der \u201den kontrakt mellem medlemmet og klubhusbestyreren\u201d og i det andet tilf\u00e6lde rydder man selvf\u00f8lgelig op efter sig selv.<\/li><li>Sluttelig dr\u00f8ftede vi l\u00f8st og fast; det vigtigste var, at vi er enige om, at klubhuset er til for at blive brugt, at vi rydder op efter os selv, at vi efterh\u00e5nden har nogen rigtig flotte faciliteter og at vi skal passe p\u00e5 tingene.<\/li><\/ul>\n\n\n\n<p>M\u00f8det forl\u00f8b i en god \u00e5nd og tone og afsluttedes i god forst\u00e5else \u2013 vi m\u00e5 naturligvis gerne have hver vores opfattelse og vi er ikke sure p\u00e5 hinanden. Det er rigtig fint, n\u00e5r nogen m\u00f8der op, s\u00e5 vi kan f\u00e5 en dialog.<\/p>\n\n\n\n<p><strong>Vores n\u00e6stformand Andreas Hjorth<\/strong> har valgt at tr\u00e6kke sig fra bestyrelsen, s\u00e5 vi har taget fat i suppleanterne Pia Winther og Lars Arnesen \u2013 Lars er efter \u00f8nske indtr\u00e5dt i bestyrelsen og er konstitueret som n\u00e6stformand. S\u00e5 velkommen til Lars, som tidligere har v\u00e6ret vores kasserer.<br>Mange tak til Andreas for dit virke i bestyrelsen gennem 6\u00bd \u00e5r.<\/p>\n\n\n\n<p><strong>Herreturen<\/strong> er jo egentlig et Motorb\u00e5dsklub-arrangement, men i \u00e5r udgjorde deltagelsen 6 b\u00e5de fra B\u00e5delauget. Og deltagerne talte 20-25 hoveder, som havde en fin tur til Veddelev i et fantastisk vejr.<\/p>\n\n\n\n<p>I skrivende stund har vi lige afholdt <strong>Standernedhaling<\/strong> l\u00f8rdag den 2. november med deltagelse af 12 hoveder \u2013 heri blandt nye medlemmer, s\u00e5 endnu engang velkommen til Thyge, Steen og Vivi. Det blev en fin aften med dejlig mad \u2013 tunmousse, marineret m\u00f8rbrad med fl\u00f8dekartofler og salater, irsk kaffe med chokolade; alt sammen ved Sannes foranstaltning &#8211; mange tak for det. Vand, \u00f8l og vin manglede vi vist heller ikke, s\u00e5 mange tak for en god aften.<\/p>\n\n\n\n<p><strong>Hvad sker der lige i den n\u00e6rmeste fremtid<\/strong>:<\/p>\n\n\n\n<ul><li>N\u00e6ste bestyrelsesm\u00f8de er tirsdag den 3. december, hvor vi pakker og udsender indkaldelse til generalforsamling samt aktivitetskalender for 2020.<\/li><li>Generalforsamling 2020 finder sted s\u00f8ndag den 2. februar.<\/li><\/ul>\n\n\n\n<p>P\u00e5 bestyrelsens vegne<\/p>\n\n\n\n<p>Niels Gregart<br>formand<br>sign.<\/p>\n","protected":false},"excerpt":{"rendered":"<p>FREDERIKSV\u00c6RK B\u00c5DELAUG 21. november 2019 Orientering fra bestyrelsen om dit B\u00e5delaug i [&hellip;]<\/p>\n","protected":false},"author":1,"featured_media":0,"parent":13,"menu_order":20,"comment_status":"closed","ping_status":"closed","template":"","meta":[],"_links":{"self":[{"href":"http:\/\/www.baadlauget.dk\/index.php\/wp-json\/wp\/v2\/pages\/115"}],"collection":[{"href":"http:\/\/www.baadlauget.dk\/index.php\/wp-json\/wp\/v2\/pages"}],"about":[{"href":"http:\/\/www.baadlauget.dk\/index.php\/wp-json\/wp\/v2\/types\/page"}],"author":[{"embeddable":true,"href":"http:\/\/www.baadlauget.dk\/index.php\/wp-json\/wp\/v2\/users\/1"}],"replies":[{"embeddable":true,"href":"http:\/\/www.baadlauget.dk\/index.php\/wp-json\/wp\/v2\/comments?post=115"}],"version-history":[{"count":2,"href":"http:\/\/www.baadlauget.dk\/index.php\/wp-json\/wp\/v2\/pages\/115\/revisions"}],"predecessor-version":[{"id":137,"href":"http:\/\/www.baadlauget.dk\/index.php\/wp-json\/wp\/v2\/pages\/115\/revisions\/137"}],"up":[{"embeddable":true,"href":"http:\/\/www.baadlauget.dk\/index.php\/wp-json\/wp\/v2\/pages\/13"}],"wp:attachment":[{"href":"http:\/\/www.baadlauget.dk\/index.php\/wp-json\/wp\/v2\/media?parent=115"}],"curies":[{"name":"wp","href":"https:\/\/api.w.org\/{rel}","templated":true}]}}